{"id":6962,"date":"2026-04-13T07:44:52","date_gmt":"2026-04-13T07:44:52","guid":{"rendered":"https:\/\/ombudesk.com\/?page_id=6962"},"modified":"2026-04-13T09:26:24","modified_gmt":"2026-04-13T09:26:24","slug":"unsubscribe","status":"publish","type":"page","link":"https:\/\/ombudesk.com\/sk\/unsubscribe\/","title":{"rendered":""},"content":{"rendered":"\t\t<div data-elementor-type=\"wp-page\" data-elementor-id=\"6962\" class=\"elementor elementor-6962\" data-elementor-post-type=\"page\">\n\t\t\t\t<div class=\"elementor-element elementor-element-9a9ba4a e-flex e-con-boxed e-con e-parent\" data-id=\"9a9ba4a\" data-element_type=\"container\" data-e-type=\"container\">\n\t\t\t\t\t<div class=\"e-con-inner\">\n\t\t\t\t<div class=\"elementor-element elementor-element-2faa6c6 elementor-widget elementor-widget-heading\" data-id=\"2faa6c6\" data-element_type=\"widget\" data-e-type=\"widget\" data-widget_type=\"heading.default\">\n\t\t\t\t<div class=\"elementor-widget-container\">\n\t\t\t\t\t<h2 class=\"elementor-heading-title elementor-size-default\">E-Mail Abmeldung<\/h2>\t\t\t\t<\/div>\n\t\t\t\t<\/div>\n\t\t\t\t\t<\/div>\n\t\t\t\t<\/div>\n\t\t<div class=\"elementor-element elementor-element-d763846 e-flex e-con-boxed e-con e-parent\" data-id=\"d763846\" data-element_type=\"container\" data-e-type=\"container\">\n\t\t\t\t\t<div class=\"e-con-inner\">\n\t\t\t\t<div class=\"elementor-element elementor-element-d90e606 elementor-widget elementor-widget-spacer\" data-id=\"d90e606\" data-element_type=\"widget\" data-e-type=\"widget\" data-widget_type=\"spacer.default\">\n\t\t\t\t<div class=\"elementor-widget-container\">\n\t\t\t\t\t\t\t<div class=\"elementor-spacer\">\n\t\t\t<div class=\"elementor-spacer-inner\"><\/div>\n\t\t<\/div>\n\t\t\t\t\t\t<\/div>\n\t\t\t\t<\/div>\n\t\t\t\t<div class=\"elementor-element elementor-element-3829c0b elementor-widget elementor-widget-text-editor\" data-id=\"3829c0b\" data-element_type=\"widget\" data-e-type=\"widget\" data-widget_type=\"text-editor.default\">\n\t\t\t\t<div class=\"elementor-widget-container\">\n\t\t\t\t\t\t\t\t\t<p>Wenn Sie keine weiteren E-Mails bez\u00fcglich OmbuDesk erhalten m\u00f6chten, dann tragen Sie Ihre E-Mail in das Feld ein und dr\u00fccken Sie auf &#8222;Abmelden&#8220;.<\/p>\t\t\t\t\t\t\t\t<\/div>\n\t\t\t\t<\/div>\n\t\t\t\t<div class=\"elementor-element elementor-element-b872ec9 elementor-widget elementor-widget-spacer\" data-id=\"b872ec9\" data-element_type=\"widget\" data-e-type=\"widget\" data-widget_type=\"spacer.default\">\n\t\t\t\t<div class=\"elementor-widget-container\">\n\t\t\t\t\t\t\t<div class=\"elementor-spacer\">\n\t\t\t<div class=\"elementor-spacer-inner\"><\/div>\n\t\t<\/div>\n\t\t\t\t\t\t<\/div>\n\t\t\t\t<\/div>\n\t\t\t\t\t<\/div>\n\t\t\t\t<\/div>\n\t\t<div class=\"elementor-element elementor-element-5da2582 e-flex e-con-boxed e-con e-parent\" data-id=\"5da2582\" data-element_type=\"container\" data-e-type=\"container\">\n\t\t\t\t\t<div class=\"e-con-inner\">\n\t\t\t\t<div class=\"elementor-element elementor-element-cb78d8d elementor-button-align-stretch elementor-widget elementor-widget-form\" data-id=\"cb78d8d\" data-element_type=\"widget\" data-e-type=\"widget\" data-settings=\"{&quot;step_next_label&quot;:&quot;N\\u00e4chster&quot;,&quot;step_previous_label&quot;:&quot;Voriger&quot;,&quot;button_width&quot;:&quot;100&quot;,&quot;step_type&quot;:&quot;number_text&quot;,&quot;step_icon_shape&quot;:&quot;circle&quot;}\" data-widget_type=\"form.default\">\n\t\t\t\t<div class=\"elementor-widget-container\">\n\t\t\t\t\t\t\t<form class=\"elementor-form\" method=\"post\" name=\"Abmeldung\" aria-label=\"Abmeldung\">\n\t\t\t<input type=\"hidden\" name=\"post_id\" value=\"6962\"\/>\n\t\t\t<input type=\"hidden\" name=\"form_id\" value=\"cb78d8d\"\/>\n\t\t\t<input type=\"hidden\" name=\"referer_title\" value=\"OmbuDesk\" \/>\n\n\t\t\t\n\t\t\t<div class=\"elementor-form-fields-wrapper elementor-labels-above\">\n\t\t\t\t\t\t\t\t<div class=\"elementor-field-type-email elementor-field-group elementor-column elementor-field-group-email elementor-col-100 elementor-field-required\">\n\t\t\t\t\t\t\t\t\t\t\t\t<label for=\"form-field-email\" class=\"elementor-field-label\">\n\t\t\t\t\t\t\t\tE-Mail\t\t\t\t\t\t\t<\/label>\n\t\t\t\t\t\t\t\t\t\t\t\t\t\t<input size=\"1\" type=\"email\" name=\"form_fields[email]\" id=\"form-field-email\" class=\"elementor-field elementor-size-sm  elementor-field-textual\" placeholder=\"E-Mail\" required=\"required\">\n\t\t\t\t\t\t\t\t\t\t\t<\/div>\n\t\t\t\t\t\t\t\t<div class=\"elementor-field-group elementor-column elementor-field-type-submit elementor-col-100 e-form__buttons\">\n\t\t\t\t\t<button class=\"elementor-button elementor-size-sm\" type=\"submit\">\n\t\t\t\t\t\t<span class=\"elementor-button-content-wrapper\">\n\t\t\t\t\t\t\t\t\t\t\t\t\t\t\t\t\t\t\t\t\t\t<span class=\"elementor-button-text\">Abmelden<\/span>\n\t\t\t\t\t\t\t\t\t\t\t\t\t<\/span>\n\t\t\t\t\t<\/button>\n\t\t\t\t<\/div>\n\t\t\t<\/div>\n\t\t<\/form>\n\t\t\t\t\t\t<\/div>\n\t\t\t\t<\/div>\n\t\t\t\t\t<\/div>\n\t\t\t\t<\/div>\n\t\t\t\t<\/div>\n\t\t","protected":false},"excerpt":{"rendered":"<p>E-Mail Abmeldung Wenn Sie keine weiteren E-Mails bez\u00fcglich OmbuDesk erhalten m\u00f6chten, dann tragen Sie Ihre E-Mail in das Feld ein und dr\u00fccken Sie auf &#8222;Abmelden&#8220;.<\/p>","protected":false},"author":18,"featured_media":0,"parent":0,"menu_order":0,"comment_status":"closed","ping_status":"closed","template":"","meta":{"inline_featured_image":false,"footnotes":""},"class_list":["post-6962","page","type-page","status-publish","hentry"],"yoast_head":"<!-- This site is optimized with the Yoast SEO plugin v27.3 - https:\/\/yoast.com\/product\/yoast-seo-wordpress\/ -->\n<title>- OmbuDesk<\/title>\n<meta name=\"robots\" content=\"index, follow, max-snippet:-1, max-image-preview:large, max-video-preview:-1\" \/>\n<link rel=\"canonical\" href=\"https:\/\/ombudesk.com\/sk\/unsubscribe\/\" \/>\n<meta property=\"og:locale\" content=\"sk_SK\" \/>\n<meta property=\"og:type\" content=\"article\" \/>\n<meta property=\"og:title\" content=\"- OmbuDesk\" \/>\n<meta property=\"og:description\" content=\"E-Mail Abmeldung Wenn Sie keine weiteren E-Mails bez\u00fcglich OmbuDesk erhalten m\u00f6chten, dann tragen Sie Ihre E-Mail in das Feld ein und dr\u00fccken Sie auf &#8222;Abmelden&#8220;.\" \/>\n<meta property=\"og:url\" content=\"https:\/\/ombudesk.com\/sk\/unsubscribe\/\" \/>\n<meta property=\"og:site_name\" content=\"OmbuDesk\" \/>\n<meta property=\"article:publisher\" content=\"https:\/\/www.facebook.com\/CIITIndividualsoftware?locale=de_DE\" \/>\n<meta property=\"article:modified_time\" content=\"2026-04-13T09:26:24+00:00\" \/>\n<meta name=\"twitter:card\" content=\"summary_large_image\" \/>\n<meta name=\"twitter:site\" content=\"@CIIT_at\" \/>\n<meta name=\"twitter:label1\" content=\"Predpokladan\u00fd \u010das \u010d\u00edtania\" \/>\n\t<meta name=\"twitter:data1\" content=\"1 min\u00fata\" \/>\n<script type=\"application\/ld+json\" class=\"yoast-schema-graph\">{\"@context\":\"https:\\\/\\\/schema.org\",\"@graph\":[{\"@type\":\"WebPage\",\"@id\":\"https:\\\/\\\/ombudesk.com\\\/unsubscribe\\\/\",\"url\":\"https:\\\/\\\/ombudesk.com\\\/unsubscribe\\\/\",\"name\":\"- OmbuDesk\",\"isPartOf\":{\"@id\":\"https:\\\/\\\/ombudesk.com\\\/#website\"},\"datePublished\":\"2026-04-13T07:44:52+00:00\",\"dateModified\":\"2026-04-13T09:26:24+00:00\",\"inLanguage\":\"sk-SK\",\"potentialAction\":[{\"@type\":\"ReadAction\",\"target\":[\"https:\\\/\\\/ombudesk.com\\\/unsubscribe\\\/\"]}]},{\"@type\":\"WebSite\",\"@id\":\"https:\\\/\\\/ombudesk.com\\\/#website\",\"url\":\"https:\\\/\\\/ombudesk.com\\\/\",\"name\":\"Fallbearbeitungssoftware\",\"description\":\"Die Software f\u00fcr Schlichtungs- und Ombudsstellen\",\"publisher\":{\"@id\":\"https:\\\/\\\/ombudesk.com\\\/#organization\"},\"potentialAction\":[{\"@type\":\"SearchAction\",\"target\":{\"@type\":\"EntryPoint\",\"urlTemplate\":\"https:\\\/\\\/ombudesk.com\\\/?s={search_term_string}\"},\"query-input\":{\"@type\":\"PropertyValueSpecification\",\"valueRequired\":true,\"valueName\":\"search_term_string\"}}],\"inLanguage\":\"sk-SK\"},{\"@type\":\"Organization\",\"@id\":\"https:\\\/\\\/ombudesk.com\\\/#organization\",\"name\":\"CIIT GmbH\",\"url\":\"https:\\\/\\\/ombudesk.com\\\/\",\"logo\":{\"@type\":\"ImageObject\",\"inLanguage\":\"sk-SK\",\"@id\":\"https:\\\/\\\/ombudesk.com\\\/#\\\/schema\\\/logo\\\/image\\\/\",\"url\":\"https:\\\/\\\/casetool.eu\\\/wp-content\\\/uploads\\\/sites\\\/4\\\/2024\\\/11\\\/cropped-CIIT_Logo_Software-Develoment.png\",\"contentUrl\":\"https:\\\/\\\/casetool.eu\\\/wp-content\\\/uploads\\\/sites\\\/4\\\/2024\\\/11\\\/cropped-CIIT_Logo_Software-Develoment.png\",\"width\":512,\"height\":512,\"caption\":\"CIIT GmbH\"},\"image\":{\"@id\":\"https:\\\/\\\/ombudesk.com\\\/#\\\/schema\\\/logo\\\/image\\\/\"},\"sameAs\":[\"https:\\\/\\\/www.facebook.com\\\/CIITIndividualsoftware?locale=de_DE\",\"https:\\\/\\\/x.com\\\/CIIT_at\",\"https:\\\/\\\/linkedin.com\\\/showcase\\\/ciit-software\\\/\"]}]}<\/script>\n<!-- \/ Yoast SEO plugin. -->","yoast_head_json":{"title":"- OmbuDesk","robots":{"index":"index","follow":"follow","max-snippet":"max-snippet:-1","max-image-preview":"max-image-preview:large","max-video-preview":"max-video-preview:-1"},"canonical":"https:\/\/ombudesk.com\/sk\/unsubscribe\/","og_locale":"sk_SK","og_type":"article","og_title":"- OmbuDesk","og_description":"E-Mail Abmeldung Wenn Sie keine weiteren E-Mails bez\u00fcglich OmbuDesk erhalten m\u00f6chten, dann tragen Sie Ihre E-Mail in das Feld ein und dr\u00fccken Sie auf &#8222;Abmelden&#8220;.","og_url":"https:\/\/ombudesk.com\/sk\/unsubscribe\/","og_site_name":"OmbuDesk","article_publisher":"https:\/\/www.facebook.com\/CIITIndividualsoftware?locale=de_DE","article_modified_time":"2026-04-13T09:26:24+00:00","twitter_card":"summary_large_image","twitter_site":"@CIIT_at","twitter_misc":{"Predpokladan\u00fd \u010das \u010d\u00edtania":"1 min\u00fata"},"schema":{"@context":"https:\/\/schema.org","@graph":[{"@type":"WebPage","@id":"https:\/\/ombudesk.com\/unsubscribe\/","url":"https:\/\/ombudesk.com\/unsubscribe\/","name":"- OmbuDesk","isPartOf":{"@id":"https:\/\/ombudesk.com\/#website"},"datePublished":"2026-04-13T07:44:52+00:00","dateModified":"2026-04-13T09:26:24+00:00","inLanguage":"sk-SK","potentialAction":[{"@type":"ReadAction","target":["https:\/\/ombudesk.com\/unsubscribe\/"]}]},{"@type":"WebSite","@id":"https:\/\/ombudesk.com\/#website","url":"https:\/\/ombudesk.com\/","name":"Fallbearbeitungssoftware","description":"Die Software f\u00fcr Schlichtungs- und Ombudsstellen","publisher":{"@id":"https:\/\/ombudesk.com\/#organization"},"potentialAction":[{"@type":"SearchAction","target":{"@type":"EntryPoint","urlTemplate":"https:\/\/ombudesk.com\/?s={search_term_string}"},"query-input":{"@type":"PropertyValueSpecification","valueRequired":true,"valueName":"search_term_string"}}],"inLanguage":"sk-SK"},{"@type":"Organization","@id":"https:\/\/ombudesk.com\/#organization","name":"CIIT GmbH","url":"https:\/\/ombudesk.com\/","logo":{"@type":"ImageObject","inLanguage":"sk-SK","@id":"https:\/\/ombudesk.com\/#\/schema\/logo\/image\/","url":"https:\/\/casetool.eu\/wp-content\/uploads\/sites\/4\/2024\/11\/cropped-CIIT_Logo_Software-Develoment.png","contentUrl":"https:\/\/casetool.eu\/wp-content\/uploads\/sites\/4\/2024\/11\/cropped-CIIT_Logo_Software-Develoment.png","width":512,"height":512,"caption":"CIIT GmbH"},"image":{"@id":"https:\/\/ombudesk.com\/#\/schema\/logo\/image\/"},"sameAs":["https:\/\/www.facebook.com\/CIITIndividualsoftware?locale=de_DE","https:\/\/x.com\/CIIT_at","https:\/\/linkedin.com\/showcase\/ciit-software\/"]}]}},"_links":{"self":[{"href":"https:\/\/ombudesk.com\/sk\/wp-json\/wp\/v2\/pages\/6962","targetHints":{"allow":["GET"]}}],"collection":[{"href":"https:\/\/ombudesk.com\/sk\/wp-json\/wp\/v2\/pages"}],"about":[{"href":"https:\/\/ombudesk.com\/sk\/wp-json\/wp\/v2\/types\/page"}],"author":[{"embeddable":true,"href":"https:\/\/ombudesk.com\/sk\/wp-json\/wp\/v2\/users\/18"}],"replies":[{"embeddable":true,"href":"https:\/\/ombudesk.com\/sk\/wp-json\/wp\/v2\/comments?post=6962"}],"version-history":[{"count":17,"href":"https:\/\/ombudesk.com\/sk\/wp-json\/wp\/v2\/pages\/6962\/revisions"}],"predecessor-version":[{"id":6982,"href":"https:\/\/ombudesk.com\/sk\/wp-json\/wp\/v2\/pages\/6962\/revisions\/6982"}],"wp:attachment":[{"href":"https:\/\/ombudesk.com\/sk\/wp-json\/wp\/v2\/media?parent=6962"}],"curies":[{"name":"wp","href":"https:\/\/api.w.org\/{rel}","templated":true}]}}